{"id":986,"date":"2026-04-14T17:07:46","date_gmt":"2026-04-14T15:07:46","guid":{"rendered":"https:\/\/lspo.vilniustech.lt\/?page_id=986"},"modified":"2026-04-14T17:36:53","modified_gmt":"2026-04-14T15:36:53","slug":"lspo-2026-rezultatai","status":"publish","type":"page","link":"https:\/\/lspo.vilniustech.lt\/index.php\/lspo-2026-rezultatai\/","title":{"rendered":"LSPO 2026 rezultatai"},"content":{"rendered":"\n<h4>2026 LSPO laim\u0117tojai:<\/h4>\n<div>1 vieta: Martynas \u0160mai\u017eys (KTU), 15 u\u017eduo\u010di\u0173<\/div>\n<div>2 vieta: Faustas Surplys (Vilniaus lic\u0117jus), 15 u\u017eduo\u010di\u0173<\/div>\n<div>3 vieta: Rokas Rimkus (Vilniaus lic\u0117jus), 13 u\u017eduo\u010di\u0173<\/div>\n<div>&nbsp;<\/div>\n<div><a style=\"color:blue; text-decoration:underline;\" href=\"https:\/\/programavimas.vgtu.lt\/contests\/126\/standings\/\" target=\"_blank\" rel=\"noopener noreferrer\">Vis\u0173 dalyvi\u0173 rezultatai<\/a>&nbsp;&nbsp;&nbsp;&nbsp;&nbsp;<a style=\"color:blue; text-decoration:underline;\" href=\"\/index.php\/lspo-2026-akimirkos\/\" rel=\"noopener noreferrer\">Renginio akimirkos<\/a><\/div>\n","protected":false},"excerpt":{"rendered":"<p>2026 LSPO laim\u0117tojai: 1 vieta: Martynas \u0160mai\u017eys (KTU), 15 u\u017eduo\u010di\u0173 2 vieta: Faustas Surplys (Vilniaus lic\u0117jus), 15 u\u017eduo\u010di\u0173 3 vieta: Rokas Rimkus (Vilniaus lic\u0117jus), 13 u\u017eduo\u010di\u0173 &nbsp; Vis\u0173 dalyvi\u0173 rezultatai&nbsp;&nbsp;&nbsp;&nbsp;&nbsp;Renginio akimirkos<\/p>\n","protected":false},"author":4,"featured_media":0,"parent":0,"menu_order":0,"comment_status":"closed","ping_status":"closed","template":"","meta":{"_exactmetrics_skip_tracking":false,"_exactmetrics_sitenote_active":false,"_exactmetrics_sitenote_note":"","_exactmetrics_sitenote_category":0,"ngg_post_thumbnail":0,"footnotes":""},"_links":{"self":[{"href":"https:\/\/lspo.vilniustech.lt\/index.php\/wp-json\/wp\/v2\/pages\/986"}],"collection":[{"href":"https:\/\/lspo.vilniustech.lt\/index.php\/wp-json\/wp\/v2\/pages"}],"about":[{"href":"https:\/\/lspo.vilniustech.lt\/index.php\/wp-json\/wp\/v2\/types\/page"}],"author":[{"embeddable":true,"href":"https:\/\/lspo.vilniustech.lt\/index.php\/wp-json\/wp\/v2\/users\/4"}],"replies":[{"embeddable":true,"href":"https:\/\/lspo.vilniustech.lt\/index.php\/wp-json\/wp\/v2\/comments?post=986"}],"version-history":[{"count":3,"href":"https:\/\/lspo.vilniustech.lt\/index.php\/wp-json\/wp\/v2\/pages\/986\/revisions"}],"predecessor-version":[{"id":1055,"href":"https:\/\/lspo.vilniustech.lt\/index.php\/wp-json\/wp\/v2\/pages\/986\/revisions\/1055"}],"wp:attachment":[{"href":"https:\/\/lspo.vilniustech.lt\/index.php\/wp-json\/wp\/v2\/media?parent=986"}],"curies":[{"name":"wp","href":"https:\/\/api.w.org\/{rel}","templated":true}]}}