{"id":808,"date":"2024-04-16T15:31:23","date_gmt":"2024-04-16T13:31:23","guid":{"rendered":"https:\/\/lspo.vilniustech.lt\/?page_id=808"},"modified":"2024-04-16T20:59:16","modified_gmt":"2024-04-16T18:59:16","slug":"lspo-2022-rezultatai-2","status":"publish","type":"page","link":"https:\/\/lspo.vilniustech.lt\/index.php\/lspo-2022-rezultatai-2\/","title":{"rendered":"LSPO 2022 rezultatai"},"content":{"rendered":"\n<h4>2022 LSPO laim\u0117tojai:<\/h4>\n<div>1 vieta: Aldas Lenk\u0161as (Vilniaus lic\u0117jus)<\/div>\n<div>2 vieta: Paulius Gasiukevi\u010dius (Vilniaus Gedimino technikos universitetas)<\/div>\n<div>3 vieta:Dominykas Marma (Vilniaus universitetas)<\/div>\n<div>&nbsp;<\/div>\n<div><a style=\"color:blue; text-decoration:underline;\" href=\"https:\/\/programavimas.vgtu.lt\/contests\/33\/standings\" target=\"_blank\" rel=\"noopener noreferrer\">Vis\u0173 dalyvi\u0173 rezultatai<\/a><\/div>\n<div>&nbsp;<\/div>\n<div><a style=\"color:blue; text-decoration:underline;\" href=\"\/index.php\/lspo-2022-akimirkos\/\" rel=\"noopener noreferrer\">Renginio akimirkos<\/a><\/div>\n","protected":false},"excerpt":{"rendered":"<p>2022 LSPO laim\u0117tojai: 1 vieta: Aldas Lenk\u0161as (Vilniaus lic\u0117jus) 2 vieta: Paulius Gasiukevi\u010dius (Vilniaus Gedimino technikos universitetas) 3 vieta:Dominykas Marma (Vilniaus universitetas) &nbsp; Vis\u0173 dalyvi\u0173 rezultatai &nbsp; Renginio akimirkos<\/p>\n","protected":false},"author":4,"featured_media":0,"parent":0,"menu_order":0,"comment_status":"closed","ping_status":"closed","template":"","meta":{"_exactmetrics_skip_tracking":false,"_exactmetrics_sitenote_active":false,"_exactmetrics_sitenote_note":"","_exactmetrics_sitenote_category":0,"ngg_post_thumbnail":0,"footnotes":""},"_links":{"self":[{"href":"https:\/\/lspo.vilniustech.lt\/index.php\/wp-json\/wp\/v2\/pages\/808"}],"collection":[{"href":"https:\/\/lspo.vilniustech.lt\/index.php\/wp-json\/wp\/v2\/pages"}],"about":[{"href":"https:\/\/lspo.vilniustech.lt\/index.php\/wp-json\/wp\/v2\/types\/page"}],"author":[{"embeddable":true,"href":"https:\/\/lspo.vilniustech.lt\/index.php\/wp-json\/wp\/v2\/users\/4"}],"replies":[{"embeddable":true,"href":"https:\/\/lspo.vilniustech.lt\/index.php\/wp-json\/wp\/v2\/comments?post=808"}],"version-history":[{"count":2,"href":"https:\/\/lspo.vilniustech.lt\/index.php\/wp-json\/wp\/v2\/pages\/808\/revisions"}],"predecessor-version":[{"id":849,"href":"https:\/\/lspo.vilniustech.lt\/index.php\/wp-json\/wp\/v2\/pages\/808\/revisions\/849"}],"wp:attachment":[{"href":"https:\/\/lspo.vilniustech.lt\/index.php\/wp-json\/wp\/v2\/media?parent=808"}],"curies":[{"name":"wp","href":"https:\/\/api.w.org\/{rel}","templated":true}]}}