{"id":534,"date":"2022-05-17T12:13:47","date_gmt":"2022-05-17T10:13:47","guid":{"rendered":"http:\/\/lspo2022.vilniustech.lt\/?page_id=534"},"modified":"2025-03-05T17:19:24","modified_gmt":"2025-03-05T15:19:24","slug":"lspo-2022-rezultatai","status":"publish","type":"page","link":"https:\/\/lspo.vilniustech.lt\/index.php\/lspo-2022-rezultatai\/","title":{"rendered":"LSPO 2024 rezultatai"},"content":{"rendered":"\n<h4>2024 LSPO laim\u0117tojai:<\/h4>\n<div>1 vieta: Marma Dominykas (Vilniaus universitetas), 17 u\u017eduo\u010di\u0173<\/div>\n<div>2 vieta: \u0160mai\u017eys Martynas (Kauno technologijos universitetas), 17 u\u017eduo\u010di\u0173<\/div>\n<div>3 vieta: Gudinavi\u010dius Nojus (Vilniaus universitetas), 15 u\u017eduo\u010di\u0173<\/div>\n<div>&nbsp;<\/div>\n<div><a style=\"color:blue; text-decoration:underline;\" href=\"https:\/\/programavimas.vgtu.lt\/contests\/59\/standings\/\" target=\"_blank\" rel=\"noopener noreferrer\">Vis\u0173 dalyvi\u0173 rezultatai<\/a><\/div>\n<div>&nbsp;<\/div>\n<div><a style=\"color:blue; text-decoration:underline;\" href=\"\/index.php\/lspo-2024-akimirkos\/\" rel=\"noopener noreferrer\">Renginio akimirkos<\/a><\/div>\n","protected":false},"excerpt":{"rendered":"<p>2024 LSPO laim\u0117tojai: 1 vieta: Marma Dominykas (Vilniaus universitetas), 17 u\u017eduo\u010di\u0173 2 vieta: \u0160mai\u017eys Martynas (Kauno technologijos universitetas), 17 u\u017eduo\u010di\u0173 3 vieta: Gudinavi\u010dius Nojus (Vilniaus universitetas), 15 u\u017eduo\u010di\u0173 &nbsp; Vis\u0173 dalyvi\u0173 rezultatai &nbsp; Renginio akimirkos<\/p>\n","protected":false},"author":1,"featured_media":0,"parent":0,"menu_order":0,"comment_status":"closed","ping_status":"closed","template":"","meta":{"_exactmetrics_skip_tracking":false,"_exactmetrics_sitenote_active":false,"_exactmetrics_sitenote_note":"","_exactmetrics_sitenote_category":0,"ngg_post_thumbnail":0,"footnotes":""},"_links":{"self":[{"href":"https:\/\/lspo.vilniustech.lt\/index.php\/wp-json\/wp\/v2\/pages\/534"}],"collection":[{"href":"https:\/\/lspo.vilniustech.lt\/index.php\/wp-json\/wp\/v2\/pages"}],"about":[{"href":"https:\/\/lspo.vilniustech.lt\/index.php\/wp-json\/wp\/v2\/types\/page"}],"author":[{"embeddable":true,"href":"https:\/\/lspo.vilniustech.lt\/index.php\/wp-json\/wp\/v2\/users\/1"}],"replies":[{"embeddable":true,"href":"https:\/\/lspo.vilniustech.lt\/index.php\/wp-json\/wp\/v2\/comments?post=534"}],"version-history":[{"count":23,"href":"https:\/\/lspo.vilniustech.lt\/index.php\/wp-json\/wp\/v2\/pages\/534\/revisions"}],"predecessor-version":[{"id":892,"href":"https:\/\/lspo.vilniustech.lt\/index.php\/wp-json\/wp\/v2\/pages\/534\/revisions\/892"}],"wp:attachment":[{"href":"https:\/\/lspo.vilniustech.lt\/index.php\/wp-json\/wp\/v2\/media?parent=534"}],"curies":[{"name":"wp","href":"https:\/\/api.w.org\/{rel}","templated":true}]}}