{"id":375,"date":"2019-04-14T21:29:27","date_gmt":"2019-04-14T19:29:27","guid":{"rendered":"http:\/\/informatika.vgtu.lt\/?page_id=375"},"modified":"2022-03-16T08:08:38","modified_gmt":"2022-03-16T06:08:38","slug":"rezultatai","status":"publish","type":"page","link":"https:\/\/lspo.vilniustech.lt\/index.php\/rezultatai\/","title":{"rendered":"LSPO 2019 rezultatai"},"content":{"rendered":"\n<h4>2019 LSPO laim\u0117tojai:<\/h4>\n<div>1 vieta: Domantas Jadenkus (Vilniaus universitetas)<\/div>\n<div>2 vieta: Aliaksei Kolesau (Vilniaus Gedimino technikos \n universitetas)<\/div>\n<div>3 vieta: Gediminas Lele\u0161ius (Kauno technologijos universiteto gimnazija)<\/div>\n<div>&nbsp;<\/div>\n<div><a style=\"color:blue; text-decoration:underline;\" href=\"http:\/\/lspo2022.vilniustech.lt\/contests\/16\/standings\/wide\/\" target=\"_blank\" rel=\"noopener noreferrer\">Vis\u0173 dalyvi\u0173 rezultatai<\/a><\/div>\n<div>&nbsp;<\/div>\n<div><a style=\"color:blue; text-decoration:underline;\" href=\"http:\/\/lspo2022.vilniustech.lt\/index.php\/lspo-2019-akimirkos\/\" rel=\"noopener noreferrer\">Renginio akimirkos<\/a><\/div>\n","protected":false},"excerpt":{"rendered":"<p>2019 LSPO laim\u0117tojai: 1 vieta: Domantas Jadenkus (Vilniaus universitetas) 2 vieta: Aliaksei Kolesau (Vilniaus Gedimino technikos universitetas) 3 vieta: Gediminas Lele\u0161ius (Kauno technologijos universiteto gimnazija) &nbsp; Vis\u0173 dalyvi\u0173 rezultatai &nbsp; Renginio akimirkos<\/p>\n","protected":false},"author":1,"featured_media":0,"parent":0,"menu_order":0,"comment_status":"closed","ping_status":"closed","template":"","meta":{"_exactmetrics_skip_tracking":false,"_exactmetrics_sitenote_active":false,"_exactmetrics_sitenote_note":"","_exactmetrics_sitenote_category":0,"ngg_post_thumbnail":0,"footnotes":""},"_links":{"self":[{"href":"https:\/\/lspo.vilniustech.lt\/index.php\/wp-json\/wp\/v2\/pages\/375"}],"collection":[{"href":"https:\/\/lspo.vilniustech.lt\/index.php\/wp-json\/wp\/v2\/pages"}],"about":[{"href":"https:\/\/lspo.vilniustech.lt\/index.php\/wp-json\/wp\/v2\/types\/page"}],"author":[{"embeddable":true,"href":"https:\/\/lspo.vilniustech.lt\/index.php\/wp-json\/wp\/v2\/users\/1"}],"replies":[{"embeddable":true,"href":"https:\/\/lspo.vilniustech.lt\/index.php\/wp-json\/wp\/v2\/comments?post=375"}],"version-history":[{"count":10,"href":"https:\/\/lspo.vilniustech.lt\/index.php\/wp-json\/wp\/v2\/pages\/375\/revisions"}],"predecessor-version":[{"id":505,"href":"https:\/\/lspo.vilniustech.lt\/index.php\/wp-json\/wp\/v2\/pages\/375\/revisions\/505"}],"wp:attachment":[{"href":"https:\/\/lspo.vilniustech.lt\/index.php\/wp-json\/wp\/v2\/media?parent=375"}],"curies":[{"name":"wp","href":"https:\/\/api.w.org\/{rel}","templated":true}]}}