{"id":35,"date":"2018-11-03T12:58:10","date_gmt":"2018-11-03T12:58:10","guid":{"rendered":"http:\/\/informatika.vgtu.lt\/?page_id=35"},"modified":"2018-11-03T13:10:22","modified_gmt":"2018-11-03T13:10:22","slug":"lspo2017_rezultatai","status":"publish","type":"page","link":"https:\/\/lspo.vilniustech.lt\/index.php\/lspo2017_rezultatai\/","title":{"rendered":"LSPO 2017 rezultatai"},"content":{"rendered":"<p style=\"text-align: justify;\"><span style=\"color: #2c2b2b; font-family: 'Arial',sans-serif; font-size: 9pt;\">2017 m. baland\u017eio 7 d. VGTU sureng\u0117 pirm\u0105j\u0105 Lietuvos student\u0173 programavimo olimpiad\u0105.\u00a0<\/span><span style=\"color: #2c2b2b; font-family: 'Arial',sans-serif; font-size: 9pt;\">\u012eveik\u0119 atrankas, finale dalyvavo 40 student\u0173 i\u0161 \u012fvairi\u0173 universitet\u0173 &#8211;\u00a0VGTU, VU, KTU, bei \u00a0geriausiai programuojantys\u00a0moksleiviai.\u00a0Final\u0105 atidar\u0117 VGTU studij\u0173 prorektorius, prof. dr. Romualdas Kliukas.\u00a0Apdovanojim\u0173 ceremonijoje taip pat\u00a0dalyvavo\u00a0VGTU Fundamentini\u0173 moksl\u0173 fakulteto dekanas, prof. habil. dr. Rimantas Belevi\u010dius, prodekan\u0117\u00a0, doc. dr. Dovil\u0117 Deltuvien\u0117, generalinio r\u0117m\u0117jo\u00a0\u201eCognizant\u201c atstovai, renginio id\u0117jos autorius ir organizatorius\u00a0Informacini\u0173 technologij\u0173 katedros\u00a0ved\u0117jas, doc. dr. Dmitrij \u0160e\u0161ok ir kiti svarb\u016bs sve\u010diai. Finalo\u00a0\u00a0u\u017eduotis paruo\u0161\u0117 KTU absolventas Karolis Kusas.\u00a0Po keturias valandas trukusi\u0173 finalini\u0173 var\u017eyb\u0173, kuri\u0173 metu buvo pateikta spr\u0119sti 10 u\u017edavini\u0173,\u00a0i\u0161ai\u0161k\u0117jo geriausi.\u00a0<\/span><\/p>\n<p><span style=\"color: #2c2b2b; font-family: 'Arial',sans-serif; font-size: 9pt;\">Taigi,\u00a0\u0161iais metais LSPO laim\u0117jo VU studentas Justas Klimavi\u010dius, \u012fveik\u0119s 9 u\u017edavinius. Antr\u0105j\u0105 viet\u0105 i\u0161kovojo VU studentas Domantas Jadenkus, o tre\u010di\u0105j\u0105 &#8211; moksleivis Gustas Mockus. D\u0117kojame visiems savanoriams, r\u0117m\u0117jams\u00a0ir, \u017einoma, visiems\u00a0dalyvavusiems &#8211; J\u016bs visi esate geriausi!<\/span><\/p>\n<p><span style=\"color: #2c2b2b; font-family: 'Arial',sans-serif; font-size: 9pt;\">\u012eam\u017eintas finalo akimirkas, ir\u00a0galutin\u0119 vis\u0173 dalyvi\u0173 lentel\u0119 rasite toliau.<\/span><\/p>\n<p>Visiems finalo dalyviams buvo \u012fteiktos\u00a0r\u0117m\u0117j\u0173 dovan\u0117l\u0117s. Geriausiai pasirod\u0119 studentai gavo piniginius prizus:<\/p>\n<ul>\n<li style=\"text-align: left;\">1 vieta &#8211; 400 EUR<\/li>\n<li style=\"text-align: left;\">2 vieta &#8211; 250 EUR<\/li>\n<li style=\"text-align: left;\">3 vieta &#8211; 150 EUR<\/li>\n<li style=\"text-align: left;\">4\u00a0vieta &#8211; 100 EUR<\/li>\n<li style=\"text-align: left;\">5 vieta &#8211; 90 EUR<\/li>\n<li style=\"text-align: left;\">6 vieta &#8211; 80 EUR<\/li>\n<li style=\"text-align: left;\">7 vieta &#8211;\u00a070 EUR<\/li>\n<li style=\"text-align: left;\">8 vieta &#8211; 60 EUR<\/li>\n<li style=\"text-align: left;\">9 vieta &#8211; 50 EUR<\/li>\n<li style=\"text-align: left;\">10 vieta &#8211; 40\u00a0EUR<\/li>\n<\/ul>\n<hr \/>\n<p><strong>Galutin\u0117 turnyrin\u0117 lentel\u0117:<\/strong><\/p>\n<table width=\"83%\">\n<tbody>\n<tr>\n<td width=\"54\">Vieta<\/td>\n<td width=\"315\">Dalyvis<\/td>\n<td width=\"170\">I\u0161spr\u0119sti u\u017edaviniai<\/td>\n<\/tr>\n<tr>\n<td width=\"54\">1<\/td>\n<td width=\"315\">Justas Klimavi\u010dius<\/td>\n<td width=\"170\">9<\/td>\n<\/tr>\n<tr>\n<td width=\"54\">2<\/td>\n<td width=\"315\">Domantas Jadenkus<\/td>\n<td width=\"170\">8<\/td>\n<\/tr>\n<tr>\n<td width=\"54\">3<\/td>\n<td width=\"315\">Gustas Mockus<\/td>\n<td width=\"170\">7<\/td>\n<\/tr>\n<tr>\n<td width=\"54\">4<\/td>\n<td width=\"315\">Gediminas Lele\u0161ius<\/td>\n<td width=\"170\">6<\/td>\n<\/tr>\n<tr>\n<td width=\"54\">5<\/td>\n<td width=\"315\">Vilius Pranckaitis<\/td>\n<td width=\"170\">6<\/td>\n<\/tr>\n<tr>\n<td width=\"54\">6<\/td>\n<td width=\"315\">Vytautas Strimaitis<\/td>\n<td width=\"170\">6<\/td>\n<\/tr>\n<tr>\n<td width=\"54\">7<\/td>\n<td width=\"315\">Mindaugas Naru\u0161is<\/td>\n<td width=\"170\">5<\/td>\n<\/tr>\n<tr>\n<td width=\"54\">8<\/td>\n<td width=\"315\">Paulius Gasiukevi\u010dius<\/td>\n<td width=\"170\">5<\/td>\n<\/tr>\n<tr>\n<td width=\"54\">9<\/td>\n<td width=\"315\">Tadas \u017daliauskas<\/td>\n<td width=\"170\">5<\/td>\n<\/tr>\n<tr>\n<td width=\"54\">10<\/td>\n<td width=\"315\">Aleksas Lega\u010dinskas<\/td>\n<td width=\"170\">5<\/td>\n<\/tr>\n<tr>\n<td width=\"54\">11<\/td>\n<td width=\"315\">Pijus Bradulskis<\/td>\n<td width=\"170\">5<\/td>\n<\/tr>\n<tr>\n<td width=\"54\">12<\/td>\n<td width=\"315\">Tautvydas Jasi\u016bnas<\/td>\n<td width=\"170\">5<\/td>\n<\/tr>\n<tr>\n<td width=\"54\">13<\/td>\n<td width=\"315\">Martynas Sinkievi\u010d<\/td>\n<td width=\"170\">4<\/td>\n<\/tr>\n<tr>\n<td width=\"54\">14<\/td>\n<td width=\"315\">Lukas Garbonis<\/td>\n<td width=\"170\">4<\/td>\n<\/tr>\n<tr>\n<td width=\"54\">15<\/td>\n<td width=\"315\">Arnas Uselis<\/td>\n<td width=\"170\">4<\/td>\n<\/tr>\n<tr>\n<td width=\"54\">16<\/td>\n<td width=\"315\">Darius Kurtinaitis<\/td>\n<td width=\"170\">4<\/td>\n<\/tr>\n<tr>\n<td width=\"54\">17<\/td>\n<td width=\"315\">Brutenis Gliwa<\/td>\n<td width=\"170\">4<\/td>\n<\/tr>\n<tr>\n<td width=\"54\">18<\/td>\n<td width=\"315\">Petras Jaug\u0117la<\/td>\n<td width=\"170\">4<\/td>\n<\/tr>\n<tr>\n<td width=\"54\">19<\/td>\n<td width=\"315\">Ignas Rudaitis<\/td>\n<td width=\"170\">4<\/td>\n<\/tr>\n<tr>\n<td width=\"54\">20<\/td>\n<td width=\"315\">Lukas Naru\u0161evi\u010dius<\/td>\n<td width=\"170\">4<\/td>\n<\/tr>\n<tr>\n<td width=\"54\">21<\/td>\n<td width=\"315\">Simas Kuprelis<\/td>\n<td width=\"170\">4<\/td>\n<\/tr>\n<tr>\n<td width=\"54\">22<\/td>\n<td width=\"315\">Art\u016bras Mack\u016bnas<\/td>\n<td width=\"170\">3<\/td>\n<\/tr>\n<tr>\n<td width=\"54\">23<\/td>\n<td width=\"315\">Karolis Breidokas<\/td>\n<td width=\"170\">3<\/td>\n<\/tr>\n<tr>\n<td width=\"54\">24<\/td>\n<td width=\"315\">Justas Tamulis<\/td>\n<td width=\"170\">3<\/td>\n<\/tr>\n<tr>\n<td width=\"54\">25<\/td>\n<td width=\"315\">Daumantas Kojelis<\/td>\n<td width=\"170\">3<\/td>\n<\/tr>\n<tr>\n<td width=\"54\">26<\/td>\n<td width=\"315\">Elonas \u0160eviakovas<\/td>\n<td width=\"170\">3<\/td>\n<\/tr>\n<tr>\n<td width=\"54\">27<\/td>\n<td width=\"315\">Rokas Kilinskas<\/td>\n<td width=\"170\">3<\/td>\n<\/tr>\n<tr>\n<td width=\"54\">28<\/td>\n<td width=\"315\">\u017dilvinas Pranaitis<\/td>\n<td width=\"170\">3<\/td>\n<\/tr>\n<tr>\n<td width=\"54\">29<\/td>\n<td width=\"315\">Art\u016bras Novi\u010denko<\/td>\n<td width=\"170\">3<\/td>\n<\/tr>\n<tr>\n<td width=\"54\">30<\/td>\n<td width=\"315\">D\u017eiugas \u0160imaitis<\/td>\n<td width=\"170\">3<\/td>\n<\/tr>\n<tr>\n<td width=\"54\">31<\/td>\n<td width=\"315\">Benas Nekro\u0161ius<\/td>\n<td width=\"170\">3<\/td>\n<\/tr>\n<tr>\n<td width=\"54\">32<\/td>\n<td width=\"315\">And\u017eej Korovacki<\/td>\n<td width=\"170\">2<\/td>\n<\/tr>\n<tr>\n<td width=\"54\">33<\/td>\n<td width=\"315\">Marius Lastauskas<\/td>\n<td width=\"170\">2<\/td>\n<\/tr>\n<tr>\n<td width=\"54\">34<\/td>\n<td width=\"315\">Gabriel\u0117 Valaikait\u0117<\/td>\n<td width=\"170\">2<\/td>\n<\/tr>\n<tr>\n<td width=\"54\">34<\/td>\n<td width=\"315\">Romas Petkus<\/td>\n<td width=\"170\">2<\/td>\n<\/tr>\n<tr>\n<td width=\"54\">36<\/td>\n<td width=\"315\">Julija Semenenko<\/td>\n<td width=\"170\">2<\/td>\n<\/tr>\n<tr>\n<td width=\"54\">37<\/td>\n<td width=\"315\">Tomas \u017demgulys<\/td>\n<td width=\"170\">2<\/td>\n<\/tr>\n<tr>\n<td width=\"54\">38<\/td>\n<td width=\"315\">Robert Dzisevi\u010d<\/td>\n<td width=\"170\">2<\/td>\n<\/tr>\n<tr>\n<td width=\"54\">39<\/td>\n<td width=\"315\">Ram\u016bnas Purtokas<\/td>\n<td width=\"170\">2<\/td>\n<\/tr>\n<tr>\n<td width=\"54\">40<\/td>\n<td width=\"315\">Sergejus Kornejevas<\/td>\n<td width=\"170\">1<\/td>\n<\/tr>\n<\/tbody>\n<\/table>\n<p style=\"text-align: justify;\">\n","protected":false},"excerpt":{"rendered":"<p>2017 m. baland\u017eio 7 d. VGTU sureng\u0117 pirm\u0105j\u0105 Lietuvos student\u0173 programavimo olimpiad\u0105.\u00a0\u012eveik\u0119 atrankas, finale dalyvavo 40 student\u0173 i\u0161 \u012fvairi\u0173 universitet\u0173 &#8211;\u00a0VGTU, VU, KTU, bei \u00a0geriausiai programuojantys\u00a0moksleiviai.\u00a0Final\u0105 atidar\u0117 VGTU studij\u0173 prorektorius, prof. dr. Romualdas Kliukas.\u00a0Apdovanojim\u0173 ceremonijoje taip pat\u00a0dalyvavo\u00a0VGTU Fundamentini\u0173 moksl\u0173 fakulteto dekanas, prof. habil. dr. Rimantas Belevi\u010dius, prodekan\u0117\u00a0, doc. dr. Dovil\u0117 Deltuvien\u0117, generalinio r\u0117m\u0117jo\u00a0\u201eCognizant\u201c atstovai, renginio [&hellip;]<\/p>\n","protected":false},"author":1,"featured_media":0,"parent":0,"menu_order":0,"comment_status":"closed","ping_status":"closed","template":"","meta":{"_exactmetrics_skip_tracking":false,"_exactmetrics_sitenote_active":false,"_exactmetrics_sitenote_note":"","_exactmetrics_sitenote_category":0,"ngg_post_thumbnail":0,"footnotes":""},"_links":{"self":[{"href":"https:\/\/lspo.vilniustech.lt\/index.php\/wp-json\/wp\/v2\/pages\/35"}],"collection":[{"href":"https:\/\/lspo.vilniustech.lt\/index.php\/wp-json\/wp\/v2\/pages"}],"about":[{"href":"https:\/\/lspo.vilniustech.lt\/index.php\/wp-json\/wp\/v2\/types\/page"}],"author":[{"embeddable":true,"href":"https:\/\/lspo.vilniustech.lt\/index.php\/wp-json\/wp\/v2\/users\/1"}],"replies":[{"embeddable":true,"href":"https:\/\/lspo.vilniustech.lt\/index.php\/wp-json\/wp\/v2\/comments?post=35"}],"version-history":[{"count":6,"href":"https:\/\/lspo.vilniustech.lt\/index.php\/wp-json\/wp\/v2\/pages\/35\/revisions"}],"predecessor-version":[{"id":41,"href":"https:\/\/lspo.vilniustech.lt\/index.php\/wp-json\/wp\/v2\/pages\/35\/revisions\/41"}],"wp:attachment":[{"href":"https:\/\/lspo.vilniustech.lt\/index.php\/wp-json\/wp\/v2\/media?parent=35"}],"curies":[{"name":"wp","href":"https:\/\/api.w.org\/{rel}","templated":true}]}}