{"id":246,"date":"2019-02-10T20:57:34","date_gmt":"2019-02-10T20:57:34","guid":{"rendered":"http:\/\/informatika.vgtu.lt\/?page_id=246"},"modified":"2026-04-14T17:36:30","modified_gmt":"2026-04-14T15:36:30","slug":"istorija","status":"publish","type":"page","link":"https:\/\/lspo.vilniustech.lt\/index.php\/istorija\/","title":{"rendered":"Istorija"},"content":{"rendered":"\n<br\/>\n<h4>2026 LSPO laim\u0117tojai:<\/h4>\n<div>1 vieta: Martynas \u0160mai\u017eys (KTU), 15 u\u017eduo\u010di\u0173<\/div>\n<div>2 vieta: Faustas Surplys (Vilniaus lic\u0117jus), 15 u\u017eduo\u010di\u0173<\/div>\n<div>3 vieta: Rokas Rimkus (Vilniaus lic\u0117jus), 13 u\u017eduo\u010di\u0173<\/div>\n<div>&nbsp;<\/div>\n<div><a style=\"color:blue; text-decoration:underline;\" href=\"https:\/\/programavimas.vgtu.lt\/contests\/126\/standings\/\" target=\"_blank\" rel=\"noopener noreferrer\">Vis\u0173 dalyvi\u0173 rezultatai<\/a>&nbsp;&nbsp;&nbsp;&nbsp;&nbsp;<a style=\"color:blue; text-decoration:underline;\" href=\"\/index.php\/lspo-2026-akimirkos\/\" rel=\"noopener noreferrer\">Renginio akimirkos<\/a><\/div>\n<br\/>\n\n\n\n<br\/>\n<h4>2025 LSPO laim\u0117tojai:<\/h4>\n<div>1 vieta: Marijonas Salvijus Keturakis (Prezidento Antano Smetonos gimnazija)<\/div>\n<div>2 vieta: Dominykas Marma (Saarland university)<\/div>\n<div>3 vieta: Martynas \u0160mai\u017eys (KTU)<\/div>\n<div>&nbsp;<\/div>\n<div><a style=\"color:blue; text-decoration:underline;\" href=\"https:\/\/programavimas.vgtu.lt\/contests\/115\/standings\/\" target=\"_blank\" rel=\"noopener noreferrer\">Vis\u0173 dalyvi\u0173 rezultatai<\/a> &nbsp;&nbsp;&nbsp;&nbsp;&nbsp; <a style=\"color:blue; text-decoration:underline;\" href=\"\/index.php\/lspo-2025-akimirkos\/\" rel=\"noopener noreferrer\">Renginio akimirkos<\/a><\/div>\n<br\/>\n\n\n\n<br\/>\n<h4>2024 LSPO laim\u0117tojai:<\/h4>\n<div>1 vieta: Marma Dominykas (Vilniaus universitetas)<\/div>\n<div>2 vieta: \u0160mai\u017eys Martynas (Kauno technologijos universitetas)<\/div>\n<div>3 vieta: Gudinavi\u010dius Nojus (Vilniaus universitetas)<\/div>\n<div>&nbsp;<\/div>\n<div><a style=\"color:blue; text-decoration:underline;\" href=\"https:\/\/programavimas.vgtu.lt\/contests\/59\/standings\/\" target=\"_blank\" rel=\"noopener noreferrer\">Vis\u0173 dalyvi\u0173 rezultatai<\/a> &nbsp;&nbsp;&nbsp;&nbsp;&nbsp; <a style=\"color:blue; text-decoration:underline;\" href=\"\/index.php\/lspo-2024-akimirkos\/\" rel=\"noopener noreferrer\">Renginio akimirkos<\/a><\/div>\n<br\/>\n\n\n\n<br\/>\n<h4>2022 LSPO laim\u0117tojai:<\/h4>\n<div>1 vieta: Aldas Lenk\u0161as (Vilniaus lic\u0117jus)<\/div>\n<div>2 vieta: Paulius Gasiukevi\u010dius (Vilniaus Gedimino technikos universitetas)<\/div>\n<div>3 vieta: Dominykas Marma (Vilniaus universitetas)<\/div>\n<div>&nbsp;<\/div>\n<div><a style=\"color:blue; text-decoration:underline;\" href=\"https:\/\/programavimas.vgtu.lt\/contests\/33\/standings\" target=\"_blank\" rel=\"noopener noreferrer\">Vis\u0173 dalyvi\u0173 rezultatai<\/a> &nbsp;&nbsp;&nbsp;&nbsp;&nbsp; <a style=\"color:blue; text-decoration:underline;\" href=\"\/index.php\/lspo-2022-akimirkos\/\" rel=\"noopener noreferrer\">Renginio akimirkos<\/a><\/div>\n<br\/>\n\n\n\n<br\/>\n<h4>LSPO 2019<\/h4>\n<div>Nugal\u0117tojai:<\/div>\n<div>1 vieta: Domantas Jadenkus (Vilniaus universitetas)<\/div>\n<div>2 vieta: Aliaksei Kolesau (Vilniaus Gedimino technikos \n universitetas)<\/div>\n<div>3 vieta: Gediminas Lele\u0161ius (Kauno technologijos universiteto gimnazija)<\/div>\n<div>&nbsp;<\/div>\n<p><a style=\"color:blue; text-decoration:underline;\" href=\"http:\/\/lspo2022.vilniustech.lt\/contests\/16\/standings\/wide\/\" target=\"_blank\" rel=\"noopener noreferrer\">Vis\u0173 dalyvi\u0173 rezultatai<\/a> &nbsp;&nbsp;&nbsp;&nbsp;&nbsp; <a style=\"color:blue; text-decoration:underline;\" href=\"https:\/\/lspo.vilniustech.lt\/index.php\/lspo-2019-akimirkos\/\" rel=\"noopener noreferrer\">Renginio akimirkos<\/a><\/p>\n<br\/>\n\n\n\n<h4 class=\"wp-block-heading\">LSPO 2018<\/h4>\n\n\n\n<div>Nugal\u0117tojai:<\/div>\n\n\n\n<div>1 vieta: Justas Klimavi\u010dius \u2013 (Vilniaus\nuniversitetas)<\/div>\n\n\n\n<div>2 vieta: Domantas Jadenkus \u2013 (Vilniaus\nuniversitetas)<\/div>\n\n\n\n<div>3 vieta: Aliaksei Kolesau \u2013 (Vilniaus Gedimino\ntechnikos universitetas)<\/div>\n\n\n\n<div>&nbsp;<\/div>\n\n\n\n<p><a style=\"color:blue; text-decoration:underline;\" href=\"https:\/\/lspo.vilniustech.lt\/index.php\/lspo-2018-akimirkos\/\">2018 met\u0173 akimirkos<\/a> &nbsp;&nbsp;&nbsp;&nbsp;&nbsp; <a style=\"color:blue; text-decoration:underline;\" href=\"https:\/\/www.youtube.com\/watch?v=6IRZqny4tWw\" target=\"_blank\" rel=\"noopener noreferrer\">2018 met\u0173 video<\/a><\/p>\n\n\n\n<p><\/p>\n\n\n\n<h4>LSPO 2017<\/h4>\n\n\n\n<div>Nugal\u0117tojai:<\/div>\n\n\n\n<div>1 vieta: Justas Klimavi\u010dius (Vilniaus universitetas)<\/div>\n\n\n\n<div>2 vieta: Domantas Jadenkus (Vilniaus universitetas)<\/div>\n\n\n\n<div>3 vieta: Gustas Mockus (moksleivis)<\/div><div>&nbsp;<\/div>\n\n\n\n<p><a style=\"color:blue; text-decoration:underline;\" href=\"https:\/\/lspo.vilniustech.lt\/index.php\/lspo-2017-akimirkos\/\">2017 met\u0173 akimirkos<\/a> &nbsp;&nbsp;&nbsp;&nbsp;&nbsp; <a style=\"color:blue; text-decoration:underline;\" href=\"https:\/\/www.youtube.com\/watch?v=HMdQ49AhquI\" target=\"_blank\" rel=\"noopener noreferrer\">2017 met\u0173 video<\/a><\/p>\n\n\n\n<p>&nbsp;<\/p>\n","protected":false},"excerpt":{"rendered":"<p>2026 LSPO laim\u0117tojai: 1 vieta: Martynas \u0160mai\u017eys (KTU), 15 u\u017eduo\u010di\u0173 2 vieta: Faustas Surplys (Vilniaus lic\u0117jus), 15 u\u017eduo\u010di\u0173 3 vieta: Rokas Rimkus (Vilniaus lic\u0117jus), 13 u\u017eduo\u010di\u0173 &nbsp; Vis\u0173 dalyvi\u0173 rezultatai&nbsp;&nbsp;&nbsp;&nbsp;&nbsp;Renginio akimirkos 2025 LSPO laim\u0117tojai: 1 vieta: Marijonas Salvijus Keturakis (Prezidento Antano Smetonos gimnazija) 2 vieta: Dominykas Marma (Saarland university) 3 vieta: Martynas \u0160mai\u017eys (KTU) &nbsp; [&hellip;]<\/p>\n","protected":false},"author":1,"featured_media":0,"parent":0,"menu_order":0,"comment_status":"closed","ping_status":"closed","template":"","meta":{"_exactmetrics_skip_tracking":false,"_exactmetrics_sitenote_active":false,"_exactmetrics_sitenote_note":"","_exactmetrics_sitenote_category":0,"ngg_post_thumbnail":0,"footnotes":""},"_links":{"self":[{"href":"https:\/\/lspo.vilniustech.lt\/index.php\/wp-json\/wp\/v2\/pages\/246"}],"collection":[{"href":"https:\/\/lspo.vilniustech.lt\/index.php\/wp-json\/wp\/v2\/pages"}],"about":[{"href":"https:\/\/lspo.vilniustech.lt\/index.php\/wp-json\/wp\/v2\/types\/page"}],"author":[{"embeddable":true,"href":"https:\/\/lspo.vilniustech.lt\/index.php\/wp-json\/wp\/v2\/users\/1"}],"replies":[{"embeddable":true,"href":"https:\/\/lspo.vilniustech.lt\/index.php\/wp-json\/wp\/v2\/comments?post=246"}],"version-history":[{"count":42,"href":"https:\/\/lspo.vilniustech.lt\/index.php\/wp-json\/wp\/v2\/pages\/246\/revisions"}],"predecessor-version":[{"id":1054,"href":"https:\/\/lspo.vilniustech.lt\/index.php\/wp-json\/wp\/v2\/pages\/246\/revisions\/1054"}],"wp:attachment":[{"href":"https:\/\/lspo.vilniustech.lt\/index.php\/wp-json\/wp\/v2\/media?parent=246"}],"curies":[{"name":"wp","href":"https:\/\/api.w.org\/{rel}","templated":true}]}}