{"id":21,"date":"2018-11-03T11:01:23","date_gmt":"2018-11-03T11:01:23","guid":{"rendered":"http:\/\/informatika.vgtu.lt\/?page_id=21"},"modified":"2026-03-12T17:16:43","modified_gmt":"2026-03-12T15:16:43","slug":"taisykles-2019","status":"publish","type":"page","link":"https:\/\/lspo.vilniustech.lt\/index.php\/taisykles-2019\/","title":{"rendered":"Taisykl\u0117s"},"content":{"rendered":"\n<p><button class=\"collapsible\">Bendros nuostatos<\/button><\/p>\n<div class=\"collapsibleContent\">\n<ol>\n<li>LSPO 2026 gali dalyvauti Lietuvos auk\u0161t\u0173j\u0173 mokykl\u0173 studentai (bakalaurantai, magistrantai, doktorantai) bei moksleiviai.<\/li>\n<li>Dalyvi\u0173 am\u017eius turi b\u016bti nuo 15 iki 29 met\u0173.<\/li>\n<li>Olimpiada vyks keliais etapais:\n<ul>\n<li>Bandomasis turas<\/li>\n<li>Atrankinis turas<\/li>\n<li>Finalas<\/li>\n<\/ul>\n<\/li>\n<\/ol>\n<\/div>\n<p><button class=\"collapsible\">Bandomasis turas<\/button><\/p>\n<div class=\"collapsibleContent\">\n<p>Bandomasis turas vyksta nuotoliniu b\u016bdu per internet\u0105. Bandomojo turo tikslas \u2013 suteikti olimpiados dalyviams s\u0105lygas susipa\u017einti su var\u017eyb\u0173 sistema, kad nekilt\u0173 joki\u0173 keblum\u0173 per atrankin\u012f tur\u0105.<span style=\"color: #ff0000;\">&nbsp;Bandomojo turo rezultatai netur\u0117s jokios \u012ftakos atrankai \u012f final\u0105<\/span>. Visiems dalyviams rekomenduojama dalyvauti bandomajame ture ir i\u0161spr\u0119sti bent vien\u0105 u\u017edavin\u012f.<\/p><!--<p>TOP5 bandomojo turo dalyviai gaus dovan\u0117les su VILNIUS TECH simbolika.<\/p>-->\n<\/div>\n<p><button class=\"collapsible\">Atrankinis turas<\/button><\/p>\n<div class=\"collapsibleContent\">\n<p>Atrankinis turas vyksta nuotoliniu b\u016bdu per internet\u0105. TOP40 dalyvi\u0173 patenka \u012f final\u0105<\/p>\n<\/div>\n<p><button class=\"collapsible\">Finalas<\/button><\/p>\n<div class=\"collapsibleContent\">\n<ol>\n<li>Finalinis turas vyks VILNIUS TECH kompiuterin\u0117se auditorijose.<\/li>\n<li>Var\u017eyb\u0173 trukm\u0117 \u2013 3 val.<\/li>\n<li>Var\u017eyb\u0173 metu bus pasi\u016blyta apie 20 u\u017edavini\u0173.<\/li>\n<li>Programuoti reik\u0117s su VILNIUS TECH kompiuteriais.<\/li>\n<li>Pagrindin\u0117 var\u017eyb\u0173 programavimo kalba C++. Bus instaliuota MS Visual Studio 2019.<\/li>\n<li>Po dviej\u0173 valand\u0173 turnyrin\u0117s lentel\u0117s rezultatai bus u\u017e\u0161aldyti.<\/li>\n<li>Finalo metu draud\u017eiama naudotis internetu, mobiliais telefonais ir kitais elektroniniais prietaisais.<\/li>\n<li>Finalo metu galima naudotis bet kokia atsine\u0161ta popierine literat\u016bra: knygomis, konspektais, \u017eodynais, atspausdintais program\u0173 kodais ir pan.<\/li>\n<li>Darbo vieta bus pilnai paruo\u0161ta: kompiuteris bus \u012fjungtas, bus sukurtas MS Visual Studio 2019 projektas.<\/li>\n<li>Iki finalo numatomas trumpas (15 min.) bandomasis turas.<\/li>\n<li>Var\u017eyb\u0173 prizinis fondas \u2013 2000 EUR. Fondas bus i\u0161dalintas pagal toki\u0105 schem\u0105:\n<ul>\n<li>1 vieta \u2013 400 EUR<\/li>\n<li>2 vieta \u2013 250 EUR<\/li>\n<li>3 vieta \u2013 200 EUR<\/li>\n<li>4 vieta \u2013 150 EUR<\/li>\n<li>5 vieta \u2013 120 EUR<\/li>\n<li>6 vieta \u2013 110 EUR<\/li>\n<li>7 vieta \u2013 100 EUR<\/li>\n<li>8 vieta \u2013 90 EUR<\/li>\n<li>9 vieta \u2013 80 EUR<\/li>\n<li>10 vieta \u2013 70 EUR<\/li>\n<li>11-12 vietos \u2013 60 EUR<\/li>\n<li>13-14 vietos \u2013 50 EUR<\/li>\n<li>15-17 vietos \u2013 40 EUR<\/li>\n<li>18-20 vietos \u2013 30 EUR<\/li>\n<\/ul>\n<\/li>\n<li>Finalo dalyvi\u0173 vardas ir pavard\u0117 bus rodoma turnyrin\u0117je lentel\u0117je.<\/li>\n<\/ol>\n\n<\/div>\n<script>var coll=document.getElementsByClassName(\"collapsible\");var i;for (i=0; i < coll.length; i++){coll[i].addEventListener(\"click\", function(){this.classList.toggle(\"active\"); var content=this.parentElement.nextElementSibling; if (content.style.display===\"block\"){content.style.display=\"none\";}else{content.style.display=\"block\";}});}<\/script>\n","protected":false},"excerpt":{"rendered":"<p>Bendros nuostatos LSPO gali dalyvauti Lietuvos auk\u0161t\u0173j\u0173 mokykl\u0173 studentai (bakalaurantai, magistrantai, doktorantai) bei moksleiviai. Dalyvi\u0173 am\u017eius turi b\u016bti nuo 15 iki 29 met\u0173. Olimpiada vyks keliais etapais: Bandomasis turas Atrankinis turas Finalas Bandomasis turas Bandomasis turas vyksta nuotoliniu b\u016bdu per internet\u0105. Bandomojo turo tikslas \u2013 suteikti olimpiados dalyviams s\u0105lygas susipa\u017einti su var\u017eyb\u0173 sistema, kad nekilt\u0173 [&hellip;]<\/p>\n","protected":false},"author":1,"featured_media":0,"parent":0,"menu_order":0,"comment_status":"closed","ping_status":"closed","template":"","meta":{"_exactmetrics_skip_tracking":false,"_exactmetrics_sitenote_active":false,"_exactmetrics_sitenote_note":"","_exactmetrics_sitenote_category":0,"ngg_post_thumbnail":0,"footnotes":""},"_links":{"self":[{"href":"https:\/\/lspo.vilniustech.lt\/index.php\/wp-json\/wp\/v2\/pages\/21"}],"collection":[{"href":"https:\/\/lspo.vilniustech.lt\/index.php\/wp-json\/wp\/v2\/pages"}],"about":[{"href":"https:\/\/lspo.vilniustech.lt\/index.php\/wp-json\/wp\/v2\/types\/page"}],"author":[{"embeddable":true,"href":"https:\/\/lspo.vilniustech.lt\/index.php\/wp-json\/wp\/v2\/users\/1"}],"replies":[{"embeddable":true,"href":"https:\/\/lspo.vilniustech.lt\/index.php\/wp-json\/wp\/v2\/comments?post=21"}],"version-history":[{"count":24,"href":"https:\/\/lspo.vilniustech.lt\/index.php\/wp-json\/wp\/v2\/pages\/21\/revisions"}],"predecessor-version":[{"id":965,"href":"https:\/\/lspo.vilniustech.lt\/index.php\/wp-json\/wp\/v2\/pages\/21\/revisions\/965"}],"wp:attachment":[{"href":"https:\/\/lspo.vilniustech.lt\/index.php\/wp-json\/wp\/v2\/media?parent=21"}],"curies":[{"name":"wp","href":"https:\/\/api.w.org\/{rel}","templated":true}]}}