{"id":190,"date":"2018-11-08T10:45:45","date_gmt":"2018-11-08T10:45:45","guid":{"rendered":"http:\/\/informatika.vgtu.lt\/?page_id=190"},"modified":"2018-11-08T10:45:45","modified_gmt":"2018-11-08T10:45:45","slug":"lspo-2018-rezultatai","status":"publish","type":"page","link":"https:\/\/lspo.vilniustech.lt\/index.php\/lspo-2018-rezultatai\/","title":{"rendered":"LSPO 2018 rezultatai"},"content":{"rendered":"<p>Vilniaus Gedimino technikos universitete (VGTU) jau antr\u0105j\u012f kart\u0105 vyko Lietuvos student\u0173 programavimo olimpiada, kurios pagrindinis organizatorius yra VGTU Fundamentini\u0173 moksl\u0173 fakulteto Informacini\u0173 technologij\u0173 katedra.&nbsp;Renginys vyko dviem etapais: atrankinis turas internetu ir finalas VGTU.<\/p>\n<p>\u012e rengin\u012f u\u017esiregistravo daugiau nei \u0161imtas dalyvi\u0173 i\u0161 VGTU, Vilniaus universiteto (VU), Kauno technologijos universiteto (KTU), \u0160iauli\u0173 universiteto (\u0160U), Vilniaus kolegijos (VIKO) ir netgi keli\u0173 vidurini\u0173 mokykl\u0173. Finale susitiko 29 geriausiai programuojantys Lietuvos studentai ir moksleiviai. Kaip ir 2017 metais, generaliniu renginio r\u0117m\u0117ju buvo \u012fmon\u0117 Cognizant Lithuania.<\/p>\n<p>Po keturi\u0173 valand\u0173 \u012ftempto darbo paai\u0161k\u0117jo \u0161i\u0173 met\u0173 var\u017eyb\u0173 nugal\u0117tojai:<\/p>\n<p>1 vieta: Justas Klimavi\u010dius &#8211; VU (bakalaurantas)<br \/>\n2 vieta: Domantas Jadenkus &#8211; VU (bakalaurantas)<br \/>\n3 vieta: Aliaksei Kolesau &#8211; VGTU (doktorantas)<br \/>\n4 vieta: Gediminas Lele\u0161ius &#8211; KTU gimnazija (moksleivis)<br \/>\n5 vieta: Tautvydas Jasi\u016bnas \u2013 KTU gimnazija (moksleivis)<br \/>\n6 vieta: Paulius Gasiukevi\u010dius &#8211; VGTU (bakalaurantas)<br \/>\n7 vieta: Martynas Sinkievi\u010d &#8211; Vilniaus lic\u0117jus (moksleivis)<br \/>\n8 vieta: Mikalojus Ramanauskas &#8211; VGTU (doktorantas)<br \/>\n9 vieta: Vytautas Strimaitis &#8211; VU (bakalaurantas)<br \/>\n10 vieta: Darius Kurtinaitis &#8211; VU (bakalaurantas)<\/p>\n<p>Pasak renginio organizacinio komiteto pirmininko dr. Dmitrij \u0160e\u0161ok, tokie renginiai suteikia papildom\u0105 motyvacij\u0105 tobul\u0117ti ir gilinti \u017einias pasirinktoje srityje.<\/p>\n<p>&nbsp;<\/p>\n","protected":false},"excerpt":{"rendered":"<p>Vilniaus Gedimino technikos universitete (VGTU) jau antr\u0105j\u012f kart\u0105 vyko Lietuvos student\u0173 programavimo olimpiada, kurios pagrindinis organizatorius yra VGTU Fundamentini\u0173 moksl\u0173 fakulteto Informacini\u0173 technologij\u0173 katedra.&nbsp;Renginys vyko dviem etapais: atrankinis turas internetu ir finalas VGTU. \u012e rengin\u012f u\u017esiregistravo daugiau nei \u0161imtas dalyvi\u0173 i\u0161 VGTU, Vilniaus universiteto (VU), Kauno technologijos universiteto (KTU), \u0160iauli\u0173 universiteto (\u0160U), Vilniaus kolegijos (VIKO) [&hellip;]<\/p>\n","protected":false},"author":1,"featured_media":0,"parent":0,"menu_order":0,"comment_status":"closed","ping_status":"closed","template":"","meta":{"_exactmetrics_skip_tracking":false,"_exactmetrics_sitenote_active":false,"_exactmetrics_sitenote_note":"","_exactmetrics_sitenote_category":0,"ngg_post_thumbnail":0,"footnotes":""},"_links":{"self":[{"href":"https:\/\/lspo.vilniustech.lt\/index.php\/wp-json\/wp\/v2\/pages\/190"}],"collection":[{"href":"https:\/\/lspo.vilniustech.lt\/index.php\/wp-json\/wp\/v2\/pages"}],"about":[{"href":"https:\/\/lspo.vilniustech.lt\/index.php\/wp-json\/wp\/v2\/types\/page"}],"author":[{"embeddable":true,"href":"https:\/\/lspo.vilniustech.lt\/index.php\/wp-json\/wp\/v2\/users\/1"}],"replies":[{"embeddable":true,"href":"https:\/\/lspo.vilniustech.lt\/index.php\/wp-json\/wp\/v2\/comments?post=190"}],"version-history":[{"count":1,"href":"https:\/\/lspo.vilniustech.lt\/index.php\/wp-json\/wp\/v2\/pages\/190\/revisions"}],"predecessor-version":[{"id":191,"href":"https:\/\/lspo.vilniustech.lt\/index.php\/wp-json\/wp\/v2\/pages\/190\/revisions\/191"}],"wp:attachment":[{"href":"https:\/\/lspo.vilniustech.lt\/index.php\/wp-json\/wp\/v2\/media?parent=190"}],"curies":[{"name":"wp","href":"https:\/\/api.w.org\/{rel}","templated":true}]}}