{"id":19,"date":"2018-11-03T11:01:04","date_gmt":"2018-11-03T11:01:04","guid":{"rendered":"http:\/\/informatika.vgtu.lt\/?page_id=19"},"modified":"2026-03-12T19:54:43","modified_gmt":"2026-03-12T17:54:43","slug":"organizatoriai","status":"publish","type":"page","link":"https:\/\/lspo.vilniustech.lt\/index.php\/organizatoriai\/","title":{"rendered":"Organizatoriai"},"content":{"rendered":"<p>Rengin\u012f organizuoja VILNIUS TECH Fundamentini\u0173 moksl\u0173 fakulteto Informacini\u0173 technologij\u0173 katedra.<\/p>\n<p><img loading=\"lazy\" decoding=\"async\" class=\"size-medium wp-image-513\" src=\"http:\/\/lspo2022.vilniustech.lt\/wp-content\/uploads\/2022\/03\/ITK-300x108.png\" alt=\"\" width=\"300\" height=\"108\" srcset=\"https:\/\/lspo.vilniustech.lt\/wp-content\/uploads\/2022\/03\/ITK-300x108.png 300w, https:\/\/lspo.vilniustech.lt\/wp-content\/uploads\/2022\/03\/ITK.png 488w\" sizes=\"(max-width: 300px) 100vw, 300px\" \/><\/p>\n<p>Renginio organizacinis komitetas:<\/p>\n<div>Pirmininkas: <strong>Dmitrij \u0160e\u0161ok<\/strong><\/div>\n<div>Nariai:<\/div>\n<ul>\n<li>Mikalojus Ramanauskas<\/li>\n<li>Renata Karbauskien\u0117<\/li>\n<li>Pavel Stefanovi\u010d<\/li>\n<li>Danylo Shkundalov<\/li>\n<li>Art\u016bras&nbsp;Mack\u016bnas<\/li>\n<li>Mark Dominyk Voicinovi\u010d<\/li>\n<\/ul>\n<p>Renginio r\u0117m\u0117jai: Neurotechnology, Eldorado Market.<\/p>\n","protected":false},"excerpt":{"rendered":"<p>Rengin\u012f organizuoja VILNIUS TECH Fundamentini\u0173 moksl\u0173 fakulteto Informacini\u0173 technologij\u0173 katedra. Renginio organizacinis komitetas: Pirmininkas: Dmitrij \u0160e\u0161ok Nariai: Mikalojus Ramanauskas Renata Karbauskien\u0117 Pavel Stefanovi\u010d Danylo Shkundalov Art\u016bras&nbsp;Mack\u016bnas Mark Dominyk Voicinovi\u010d Renginio r\u0117m\u0117jai: .<\/p>\n","protected":false},"author":1,"featured_media":0,"parent":0,"menu_order":0,"comment_status":"closed","ping_status":"closed","template":"","meta":{"_exactmetrics_skip_tracking":false,"_exactmetrics_sitenote_active":false,"_exactmetrics_sitenote_note":"","_exactmetrics_sitenote_category":0,"ngg_post_thumbnail":0,"footnotes":""},"_links":{"self":[{"href":"https:\/\/lspo.vilniustech.lt\/index.php\/wp-json\/wp\/v2\/pages\/19"}],"collection":[{"href":"https:\/\/lspo.vilniustech.lt\/index.php\/wp-json\/wp\/v2\/pages"}],"about":[{"href":"https:\/\/lspo.vilniustech.lt\/index.php\/wp-json\/wp\/v2\/types\/page"}],"author":[{"embeddable":true,"href":"https:\/\/lspo.vilniustech.lt\/index.php\/wp-json\/wp\/v2\/users\/1"}],"replies":[{"embeddable":true,"href":"https:\/\/lspo.vilniustech.lt\/index.php\/wp-json\/wp\/v2\/comments?post=19"}],"version-history":[{"count":22,"href":"https:\/\/lspo.vilniustech.lt\/index.php\/wp-json\/wp\/v2\/pages\/19\/revisions"}],"predecessor-version":[{"id":983,"href":"https:\/\/lspo.vilniustech.lt\/index.php\/wp-json\/wp\/v2\/pages\/19\/revisions\/983"}],"wp:attachment":[{"href":"https:\/\/lspo.vilniustech.lt\/index.php\/wp-json\/wp\/v2\/media?parent=19"}],"curies":[{"name":"wp","href":"https:\/\/api.w.org\/{rel}","templated":true}]}}